{"id":6750,"date":"2025-02-18T21:30:24","date_gmt":"2025-02-18T21:30:24","guid":{"rendered":"https:\/\/www.tchintchindeco.fr\/?page_id=6750"},"modified":"2025-10-22T16:14:20","modified_gmt":"2025-10-22T16:14:20","slug":"a-propos","status":"publish","type":"page","link":"https:\/\/www.tchintchindeco.fr\/?page_id=6750","title":{"rendered":"A propos"},"content":{"rendered":"<p><strong>Bonjour et bienvenue ici.<\/strong><br \/>Je suis <strong>Iris<\/strong>, designer chr\u00e9tienne, sp\u00e9cialis\u00e9e dans la d\u00e9coration int\u00e9rieure et l\u2019am\u00e9nagement depuis bient\u00f4t vingt ans.<\/p><p><strong>TchinTchin D\u00e9co<\/strong> est ma marque personnelle.<br \/>Elle a commenc\u00e9 \u00e0 germer en 2018, mais n\u2019a pris forme qu\u2019en 2024.<br \/>Je ne suis certainement pas une personne efficace au sens moderne du terme,<br \/>et je n\u2019aime pas me laisser entra\u00eener par le rythme effr\u00e9n\u00e9 du monde.<br \/>Alors, cette marque me ressemble :<br \/>elle grandit lentement, paisiblement, \u00e0 son propre rythme.<\/p><p>Je respecte la vitesse de croissance de <strong>TchinTchin D\u00e9co<\/strong>,<br \/>et je n\u2019ai aucune peur d\u2019\u00eatre plus lente que les autres.<\/p><p>Il y a un verset dans la Bible qui me touche profond\u00e9ment :<\/p><blockquote class=\"wp-block-quote is-layout-flow wp-block-quote-is-layout-flow\"><p><em>\u00ab Celui qui avait beaucoup n\u2019eut rien de trop,<br \/>et celui qui avait peu ne manqua de rien. \u00bb<\/em><br \/>(<em>2 Corinthiens 8:15<\/em>)<\/p><\/blockquote><p>Chaque objet que je s\u00e9lectionne ou que je con\u00e7ois pour cette boutique \u2014<br \/>qu\u2019il s\u2019agisse d\u2019une tasse ou d\u2019une lampe \u2014<br \/>porte en lui le souhait de t\u2019apporter<br \/>un peu de paix et de stabilit\u00e9 dans ta vie quotidienne.<\/p><hr class=\"wp-block-separator has-alpha-channel-opacity\"\/><figure class=\"wp-block-image size-full\"><a href=\"https:\/\/www.tchintchindeco.fr\/wp-content\/uploads\/2021\/11\/Capture-de\u0301cran-2021-11-24-a\u0300-15.46.46.png\"><img loading=\"lazy\" decoding=\"async\" width=\"642\" height=\"824\" src=\"https:\/\/www.tchintchindeco.fr\/wp-content\/uploads\/2021\/11\/Capture-de\u0301cran-2021-11-24-a\u0300-15.46.46.png\" alt=\"\" class=\"wp-image-6269\" srcset=\"https:\/\/www.tchintchindeco.fr\/wp-content\/uploads\/2021\/11\/Capture-de\u0301cran-2021-11-24-a\u0300-15.46.46.png 642w, https:\/\/www.tchintchindeco.fr\/wp-content\/uploads\/2021\/11\/Capture-de\u0301cran-2021-11-24-a\u0300-15.46.46-600x770.png 600w, https:\/\/www.tchintchindeco.fr\/wp-content\/uploads\/2021\/11\/Capture-de\u0301cran-2021-11-24-a\u0300-15.46.46-234x300.png 234w, https:\/\/www.tchintchindeco.fr\/wp-content\/uploads\/2021\/11\/Capture-de\u0301cran-2021-11-24-a\u0300-15.46.46-296x380.png 296w\" sizes=\"auto, (max-width: 642px) 100vw, 642px\" \/><\/a><\/figure><hr class=\"wp-block-separator has-alpha-channel-opacity\"\/><p><\/p><p><\/p>","protected":false},"excerpt":{"rendered":"<p>Bonjour et bienvenue ici.Je suis Iris, designer chr\u00e9tienne, sp\u00e9cialis\u00e9e dans la d\u00e9coration int\u00e9rieure et l\u2019am\u00e9nagement depuis bient\u00f4t vingt ans. TchinTchin D\u00e9co est ma marque personnelle.Elle a commenc\u00e9 \u00e0 germer en 2018, mais n\u2019a pris forme qu\u2019en 2024.Je ne suis certainement pas une personne efficace au sens moderne du terme,et je n\u2019aime pas me laisser entra\u00eener&#8230;<\/p>\n","protected":false},"author":2,"featured_media":0,"parent":0,"menu_order":0,"comment_status":"closed","ping_status":"closed","template":"","meta":{"jetpack_post_was_ever_published":false,"footnotes":""},"class_list":["post-6750","page","type-page","status-publish","hentry"],"jetpack_sharing_enabled":true,"jetpack_shortlink":"https:\/\/wp.me\/PazslV-1KS","jetpack-related-posts":[],"_links":{"self":[{"href":"https:\/\/www.tchintchindeco.fr\/index.php?rest_route=\/wp\/v2\/pages\/6750","targetHints":{"allow":["GET"]}}],"collection":[{"href":"https:\/\/www.tchintchindeco.fr\/index.php?rest_route=\/wp\/v2\/pages"}],"about":[{"href":"https:\/\/www.tchintchindeco.fr\/index.php?rest_route=\/wp\/v2\/types\/page"}],"author":[{"embeddable":true,"href":"https:\/\/www.tchintchindeco.fr\/index.php?rest_route=\/wp\/v2\/users\/2"}],"replies":[{"embeddable":true,"href":"https:\/\/www.tchintchindeco.fr\/index.php?rest_route=%2Fwp%2Fv2%2Fcomments&post=6750"}],"version-history":[{"count":8,"href":"https:\/\/www.tchintchindeco.fr\/index.php?rest_route=\/wp\/v2\/pages\/6750\/revisions"}],"predecessor-version":[{"id":6941,"href":"https:\/\/www.tchintchindeco.fr\/index.php?rest_route=\/wp\/v2\/pages\/6750\/revisions\/6941"}],"wp:attachment":[{"href":"https:\/\/www.tchintchindeco.fr\/index.php?rest_route=%2Fwp%2Fv2%2Fmedia&parent=6750"}],"curies":[{"name":"wp","href":"https:\/\/api.w.org\/{rel}","templated":true}]}}