{"id":6834,"date":"2025-05-13T20:15:40","date_gmt":"2025-05-13T20:15:40","guid":{"rendered":"https:\/\/www.tchintchindeco.fr\/?post_type=product&#038;p=6834"},"modified":"2025-05-13T20:36:52","modified_gmt":"2025-05-13T20:36:52","slug":"lampe-cyclone-lampe-a-suspendre","status":"publish","type":"product","link":"https:\/\/www.tchintchindeco.fr\/?product=lampe-cyclone-lampe-a-suspendre","title":{"rendered":"Lampe |  Cyclone Lampe \u00e0 suspendre"},"content":{"rendered":"<p>Fabbian | Cyclone Lampe \u00e0 suspendre<\/p>\n<p>Mat\u00e9riaux C\u00e9ramique<\/p>\n<p>LED 24W avec ampoule<\/p>\n<p>Dimensions en cm (LxHxP) : \u00d8 47cm x 28cm<\/p>\n<p>Pays d&rsquo;origine : Italie<br \/>\nR\u00e9glable : Oui<br \/>\nDistribution de la lumi\u00e8re : directe<br \/>\nMax. Hauteur totale en cm : 60cm &#8211; 230cm<br \/>\nMax. Hauteur totale en pouces : 118&Prime;<br \/>\nLumen : 1800lm<\/p>\n<p>D\u00e9lai de livraison 2 &#8211; 3 semaines<\/p>\n","protected":false},"excerpt":{"rendered":"<p>Fabbian | Cyclone Lampe \u00e0 suspendre Mat\u00e9riaux C\u00e9ramique LED 24W avec ampoule Dimensions en cm (LxHxP) : \u00d8 47cm x 28cm Pays d&rsquo;origine : Italie R\u00e9glable : Oui Distribution de la lumi\u00e8re : directe Max. Hauteur totale en cm : 60cm &#8211; 230cm Max. Hauteur totale en pouces : 118&Prime; Lumen : 1800lm D\u00e9lai de&#8230;<\/p>\n","protected":false},"featured_media":6796,"comment_status":"closed","ping_status":"closed","template":"","meta":{"jetpack_post_was_ever_published":false,"jetpack_publicize_message":"","jetpack_publicize_feature_enabled":true,"jetpack_social_post_already_shared":true,"jetpack_social_options":{"image_generator_settings":{"template":"highway","enabled":false},"version":2}},"product_brand":[],"product_cat":[75],"product_tag":[],"class_list":{"0":"post-6834","1":"product","2":"type-product","3":"status-publish","4":"has-post-thumbnail","6":"product_cat-lumiere-lampe","8":"first","9":"outofstock","10":"taxable","11":"shipping-taxable","12":"purchasable","13":"product-type-simple"},"jetpack_publicize_connections":[],"jetpack_sharing_enabled":true,"jetpack-related-posts":[],"_links":{"self":[{"href":"https:\/\/www.tchintchindeco.fr\/index.php?rest_route=\/wp\/v2\/product\/6834","targetHints":{"allow":["GET"]}}],"collection":[{"href":"https:\/\/www.tchintchindeco.fr\/index.php?rest_route=\/wp\/v2\/product"}],"about":[{"href":"https:\/\/www.tchintchindeco.fr\/index.php?rest_route=\/wp\/v2\/types\/product"}],"replies":[{"embeddable":true,"href":"https:\/\/www.tchintchindeco.fr\/index.php?rest_route=%2Fwp%2Fv2%2Fcomments&post=6834"}],"wp:featuredmedia":[{"embeddable":true,"href":"https:\/\/www.tchintchindeco.fr\/index.php?rest_route=\/wp\/v2\/media\/6796"}],"wp:attachment":[{"href":"https:\/\/www.tchintchindeco.fr\/index.php?rest_route=%2Fwp%2Fv2%2Fmedia&parent=6834"}],"wp:term":[{"taxonomy":"product_brand","embeddable":true,"href":"https:\/\/www.tchintchindeco.fr\/index.php?rest_route=%2Fwp%2Fv2%2Fproduct_brand&post=6834"},{"taxonomy":"product_cat","embeddable":true,"href":"https:\/\/www.tchintchindeco.fr\/index.php?rest_route=%2Fwp%2Fv2%2Fproduct_cat&post=6834"},{"taxonomy":"product_tag","embeddable":true,"href":"https:\/\/www.tchintchindeco.fr\/index.php?rest_route=%2Fwp%2Fv2%2Fproduct_tag&post=6834"}],"curies":[{"name":"wp","href":"https:\/\/api.w.org\/{rel}","templated":true}]}}