{"id":6837,"date":"2025-05-13T20:15:41","date_gmt":"2025-05-13T20:15:41","guid":{"rendered":"https:\/\/www.tchintchindeco.fr\/?post_type=product&#038;p=6837"},"modified":"2025-05-13T20:36:52","modified_gmt":"2025-05-13T20:36:52","slug":"bambi-sheep-cow","status":"publish","type":"product","link":"https:\/\/www.tchintchindeco.fr\/?product=bambi-sheep-cow","title":{"rendered":"BAMBI, SHEEP &#038; COW"},"content":{"rendered":"<p>BAMBI, SHEEP &amp; COW est aussi un compagnon amical qu\u2019un meuble pour enfant. C&rsquo;est un objet audacieux et ludique que tout enfant ou parent peut appr\u00e9cier.<\/p><p>La chaise de Takeshi Sawada est un objet fabriqu\u00e9 avec le c\u0153ur, une v\u00e9ritable sculpture de beaux-arts et une chaise pour enfants. Il est fabriqu\u00e9 dans des mat\u00e9riaux nobles avec des r\u00e9f\u00e9rences tr\u00e8s claires au daim. Le dossier de la chaise a la forme de petits bois et le si\u00e8ge est recouvert de fausse fourrure, notamment de petits points blancs lui donnant son aspect caract\u00e9ristique.<\/p>","protected":false},"excerpt":{"rendered":"<p>BAMBI, SHEEP &amp; COW est aussi un compagnon amical qu\u2019un meuble pour enfant. C&rsquo;est un objet audacieux et ludique que tout enfant ou parent peut appr\u00e9cier. La chaise de Takeshi Sawada est un objet fabriqu\u00e9 avec le c\u0153ur, une v\u00e9ritable sculpture de beaux-arts et une chaise pour enfants. Il est fabriqu\u00e9 dans des mat\u00e9riaux nobles&#8230;<\/p>\n","protected":false},"featured_media":6811,"comment_status":"closed","ping_status":"closed","template":"","meta":{"jetpack_post_was_ever_published":false,"jetpack_publicize_message":"","jetpack_publicize_feature_enabled":true,"jetpack_social_post_already_shared":true,"jetpack_social_options":{"image_generator_settings":{"template":"highway","enabled":false},"version":2}},"product_brand":[],"product_cat":[79],"product_tag":[],"class_list":{"0":"post-6837","1":"product","2":"type-product","3":"status-publish","4":"has-post-thumbnail","6":"product_cat-chaise","8":"first","9":"outofstock","10":"taxable","11":"shipping-taxable","12":"purchasable","13":"product-type-simple"},"jetpack_publicize_connections":[],"jetpack_sharing_enabled":true,"jetpack-related-posts":[],"_links":{"self":[{"href":"https:\/\/www.tchintchindeco.fr\/index.php?rest_route=\/wp\/v2\/product\/6837","targetHints":{"allow":["GET"]}}],"collection":[{"href":"https:\/\/www.tchintchindeco.fr\/index.php?rest_route=\/wp\/v2\/product"}],"about":[{"href":"https:\/\/www.tchintchindeco.fr\/index.php?rest_route=\/wp\/v2\/types\/product"}],"replies":[{"embeddable":true,"href":"https:\/\/www.tchintchindeco.fr\/index.php?rest_route=%2Fwp%2Fv2%2Fcomments&post=6837"}],"wp:featuredmedia":[{"embeddable":true,"href":"https:\/\/www.tchintchindeco.fr\/index.php?rest_route=\/wp\/v2\/media\/6811"}],"wp:attachment":[{"href":"https:\/\/www.tchintchindeco.fr\/index.php?rest_route=%2Fwp%2Fv2%2Fmedia&parent=6837"}],"wp:term":[{"taxonomy":"product_brand","embeddable":true,"href":"https:\/\/www.tchintchindeco.fr\/index.php?rest_route=%2Fwp%2Fv2%2Fproduct_brand&post=6837"},{"taxonomy":"product_cat","embeddable":true,"href":"https:\/\/www.tchintchindeco.fr\/index.php?rest_route=%2Fwp%2Fv2%2Fproduct_cat&post=6837"},{"taxonomy":"product_tag","embeddable":true,"href":"https:\/\/www.tchintchindeco.fr\/index.php?rest_route=%2Fwp%2Fv2%2Fproduct_tag&post=6837"}],"curies":[{"name":"wp","href":"https:\/\/api.w.org\/{rel}","templated":true}]}}