{"id":6838,"date":"2025-05-13T20:15:41","date_gmt":"2025-05-13T20:15:41","guid":{"rendered":"https:\/\/www.tchintchindeco.fr\/?post_type=product&#038;p=6838"},"modified":"2025-05-13T20:36:52","modified_gmt":"2025-05-13T20:36:52","slug":"panda-carpet","status":"publish","type":"product","link":"https:\/\/www.tchintchindeco.fr\/?product=panda-carpet","title":{"rendered":"Panda Carpet"},"content":{"rendered":"<p>Le tapis est fait \u00e0 la main en 100% laine \u00e9paisse douce.<br \/>\nSoigneusement tiss\u00e9 dans les couleurs et les d\u00e9tails pr\u00e9cis.<br \/>\nDimensions: L101 x L71 x H2 cm<\/p>\n","protected":false},"excerpt":{"rendered":"<p>Le tapis est fait \u00e0 la main en 100% laine \u00e9paisse douce. Soigneusement tiss\u00e9 dans les couleurs et les d\u00e9tails pr\u00e9cis. Dimensions: L101 x L71 x H2 cm<\/p>\n","protected":false},"featured_media":6816,"comment_status":"closed","ping_status":"closed","template":"","meta":{"jetpack_post_was_ever_published":false,"jetpack_publicize_message":"","jetpack_publicize_feature_enabled":true,"jetpack_social_post_already_shared":true,"jetpack_social_options":{"image_generator_settings":{"template":"highway","enabled":false},"version":2}},"product_brand":[],"product_cat":[80],"product_tag":[],"class_list":{"0":"post-6838","1":"product","2":"type-product","3":"status-publish","4":"has-post-thumbnail","6":"product_cat-tapis","8":"first","9":"outofstock","10":"taxable","11":"shipping-taxable","12":"purchasable","13":"product-type-simple"},"jetpack_publicize_connections":[],"jetpack_sharing_enabled":true,"jetpack-related-posts":[],"_links":{"self":[{"href":"https:\/\/www.tchintchindeco.fr\/index.php?rest_route=\/wp\/v2\/product\/6838","targetHints":{"allow":["GET"]}}],"collection":[{"href":"https:\/\/www.tchintchindeco.fr\/index.php?rest_route=\/wp\/v2\/product"}],"about":[{"href":"https:\/\/www.tchintchindeco.fr\/index.php?rest_route=\/wp\/v2\/types\/product"}],"replies":[{"embeddable":true,"href":"https:\/\/www.tchintchindeco.fr\/index.php?rest_route=%2Fwp%2Fv2%2Fcomments&post=6838"}],"wp:featuredmedia":[{"embeddable":true,"href":"https:\/\/www.tchintchindeco.fr\/index.php?rest_route=\/wp\/v2\/media\/6816"}],"wp:attachment":[{"href":"https:\/\/www.tchintchindeco.fr\/index.php?rest_route=%2Fwp%2Fv2%2Fmedia&parent=6838"}],"wp:term":[{"taxonomy":"product_brand","embeddable":true,"href":"https:\/\/www.tchintchindeco.fr\/index.php?rest_route=%2Fwp%2Fv2%2Fproduct_brand&post=6838"},{"taxonomy":"product_cat","embeddable":true,"href":"https:\/\/www.tchintchindeco.fr\/index.php?rest_route=%2Fwp%2Fv2%2Fproduct_cat&post=6838"},{"taxonomy":"product_tag","embeddable":true,"href":"https:\/\/www.tchintchindeco.fr\/index.php?rest_route=%2Fwp%2Fv2%2Fproduct_tag&post=6838"}],"curies":[{"name":"wp","href":"https:\/\/api.w.org\/{rel}","templated":true}]}}