{"id":6839,"date":"2025-05-13T20:15:41","date_gmt":"2025-05-13T20:15:41","guid":{"rendered":"https:\/\/www.tchintchindeco.fr\/?post_type=product&#038;p=6839"},"modified":"2025-05-13T20:36:52","modified_gmt":"2025-05-13T20:36:52","slug":"lampe-a-poser-en-laiton-clam","status":"publish","type":"product","link":"https:\/\/www.tchintchindeco.fr\/?product=lampe-a-poser-en-laiton-clam","title":{"rendered":"Lampe \u00e0 poser en laiton Clam"},"content":{"rendered":"<p>La lampe Clam est compos\u00e9e de deux abat-jour entourent la lumi\u00e8re, cr\u00e9ant ainsi une fascinante graduation entre l&rsquo;\u00e9clairage direct et indirect.<\/p>\n<p>La lampe minimaliste se compose d&rsquo;un pied de lampe et de deux abat-jour identiques, avec une couronne qui suit la forme du pied de la lampe.<\/p>\n<p>En fonction des besoins de l&rsquo;utilisateur, il est possible de changer l&rsquo;\u00e9clairage pour qu&rsquo;il soit direct ou indirect et ce en fonction de l&rsquo;angle de l&rsquo;abat-jour.<\/p>\n<p>Largeur 30 cm<\/p>\n<p>Hauteur 43.5cm<\/p>\n<p>Mat\u00e9riau Laiton<\/p>\n<p>Poids 5.7\u00a0<small class=\"text-body-secondary\">kg<\/small><\/p>\n","protected":false},"excerpt":{"rendered":"<p>La lampe Clam est compos\u00e9e de deux abat-jour entourent la lumi\u00e8re, cr\u00e9ant ainsi une fascinante graduation entre l&rsquo;\u00e9clairage direct et indirect. La lampe minimaliste se compose d&rsquo;un pied de lampe et de deux abat-jour identiques, avec une couronne qui suit la forme du pied de la lampe. En fonction des besoins de l&rsquo;utilisateur, il est&#8230;<\/p>\n","protected":false},"featured_media":6819,"comment_status":"closed","ping_status":"closed","template":"","meta":{"jetpack_post_was_ever_published":false,"jetpack_publicize_message":"","jetpack_publicize_feature_enabled":true,"jetpack_social_post_already_shared":true,"jetpack_social_options":{"image_generator_settings":{"template":"highway","enabled":false},"version":2}},"product_brand":[],"product_cat":[75],"product_tag":[81],"class_list":{"0":"post-6839","1":"product","2":"type-product","3":"status-publish","4":"has-post-thumbnail","6":"product_cat-lumiere-lampe","7":"product_tag-eclectique","9":"first","10":"outofstock","11":"taxable","12":"shipping-taxable","13":"purchasable","14":"product-type-simple"},"jetpack_publicize_connections":[],"jetpack_sharing_enabled":true,"jetpack-related-posts":[],"_links":{"self":[{"href":"https:\/\/www.tchintchindeco.fr\/index.php?rest_route=\/wp\/v2\/product\/6839","targetHints":{"allow":["GET"]}}],"collection":[{"href":"https:\/\/www.tchintchindeco.fr\/index.php?rest_route=\/wp\/v2\/product"}],"about":[{"href":"https:\/\/www.tchintchindeco.fr\/index.php?rest_route=\/wp\/v2\/types\/product"}],"replies":[{"embeddable":true,"href":"https:\/\/www.tchintchindeco.fr\/index.php?rest_route=%2Fwp%2Fv2%2Fcomments&post=6839"}],"wp:featuredmedia":[{"embeddable":true,"href":"https:\/\/www.tchintchindeco.fr\/index.php?rest_route=\/wp\/v2\/media\/6819"}],"wp:attachment":[{"href":"https:\/\/www.tchintchindeco.fr\/index.php?rest_route=%2Fwp%2Fv2%2Fmedia&parent=6839"}],"wp:term":[{"taxonomy":"product_brand","embeddable":true,"href":"https:\/\/www.tchintchindeco.fr\/index.php?rest_route=%2Fwp%2Fv2%2Fproduct_brand&post=6839"},{"taxonomy":"product_cat","embeddable":true,"href":"https:\/\/www.tchintchindeco.fr\/index.php?rest_route=%2Fwp%2Fv2%2Fproduct_cat&post=6839"},{"taxonomy":"product_tag","embeddable":true,"href":"https:\/\/www.tchintchindeco.fr\/index.php?rest_route=%2Fwp%2Fv2%2Fproduct_tag&post=6839"}],"curies":[{"name":"wp","href":"https:\/\/api.w.org\/{rel}","templated":true}]}}