{"id":6854,"date":"2025-05-13T20:15:43","date_gmt":"2025-05-13T20:15:43","guid":{"rendered":"https:\/\/www.tchintchindeco.fr\/?post_type=product&#038;p=6854"},"modified":"2025-07-22T14:20:35","modified_gmt":"2025-07-22T14:20:35","slug":"conseils-1h30","status":"publish","type":"product","link":"https:\/\/www.tchintchindeco.fr\/?product=conseils-1h30","title":{"rendered":"Conseils sur place (1h30)"},"content":{"rendered":"<p>D\u00e9placement et 1h30 de Conseils<\/p>\n<ul class=\"wp-block-list\">\n<li>Photographie\/Vid\u00e9o<\/li>\n<li>\u00c9coute vos besoins &#8211; formule<\/li>\n<li>Analyse les possibilit\u00e9s<\/li>\n<li>Validation de vos id\u00e9es<\/li>\n<li>Explication des plans ou fa\u00e7ons de r\u00e9alisation<\/li>\n<li><strong>Compte Rendu PDF par mail. \u00a0\u00a0 \u00a0\u00a0<\/strong><\/li>\n<\/ul>\n<p>&nbsp;<\/p>\n<p><a href=\"https:\/\/calendar.app.google\/j2Gt5iicS2rTJm438\"><img loading=\"lazy\" decoding=\"async\" class=\"alignnone wp-image-6944\" src=\"https:\/\/www.jishe.fr\/wp-content\/uploads\/2024\/12\/00-300x150.png\" alt=\"\" width=\"154\" height=\"77\" \/><\/a><\/p>\n","protected":false},"excerpt":{"rendered":"<p>D\u00e9placement et 1h30 de Conseils Photographie\/Vid\u00e9o \u00c9coute vos besoins &#8211; formule Analyse les possibilit\u00e9s Validation de vos id\u00e9es Explication des plans ou fa\u00e7ons de r\u00e9alisation Compte Rendu PDF par mail. \u00a0\u00a0 \u00a0\u00a0 &nbsp;<\/p>\n","protected":false},"featured_media":6858,"comment_status":"closed","ping_status":"closed","template":"","meta":{"jetpack_post_was_ever_published":false,"jetpack_publicize_message":"","jetpack_publicize_feature_enabled":true,"jetpack_social_post_already_shared":false,"jetpack_social_options":{"image_generator_settings":{"template":"highway","enabled":false},"version":2}},"product_brand":[],"product_cat":[84],"product_tag":[],"class_list":{"0":"post-6854","1":"product","2":"type-product","3":"status-publish","4":"has-post-thumbnail","6":"product_cat-prestations","8":"first","9":"instock","10":"taxable","11":"shipping-taxable","12":"purchasable","13":"product-type-variable"},"jetpack_publicize_connections":[],"jetpack_sharing_enabled":true,"jetpack-related-posts":[],"_links":{"self":[{"href":"https:\/\/www.tchintchindeco.fr\/index.php?rest_route=\/wp\/v2\/product\/6854","targetHints":{"allow":["GET"]}}],"collection":[{"href":"https:\/\/www.tchintchindeco.fr\/index.php?rest_route=\/wp\/v2\/product"}],"about":[{"href":"https:\/\/www.tchintchindeco.fr\/index.php?rest_route=\/wp\/v2\/types\/product"}],"replies":[{"embeddable":true,"href":"https:\/\/www.tchintchindeco.fr\/index.php?rest_route=%2Fwp%2Fv2%2Fcomments&post=6854"}],"wp:featuredmedia":[{"embeddable":true,"href":"https:\/\/www.tchintchindeco.fr\/index.php?rest_route=\/wp\/v2\/media\/6858"}],"wp:attachment":[{"href":"https:\/\/www.tchintchindeco.fr\/index.php?rest_route=%2Fwp%2Fv2%2Fmedia&parent=6854"}],"wp:term":[{"taxonomy":"product_brand","embeddable":true,"href":"https:\/\/www.tchintchindeco.fr\/index.php?rest_route=%2Fwp%2Fv2%2Fproduct_brand&post=6854"},{"taxonomy":"product_cat","embeddable":true,"href":"https:\/\/www.tchintchindeco.fr\/index.php?rest_route=%2Fwp%2Fv2%2Fproduct_cat&post=6854"},{"taxonomy":"product_tag","embeddable":true,"href":"https:\/\/www.tchintchindeco.fr\/index.php?rest_route=%2Fwp%2Fv2%2Fproduct_tag&post=6854"}],"curies":[{"name":"wp","href":"https:\/\/api.w.org\/{rel}","templated":true}]}}