{"id":6915,"date":"2025-07-22T14:25:31","date_gmt":"2025-07-22T14:25:31","guid":{"rendered":"https:\/\/www.tchintchindeco.fr\/?post_type=product&#038;p=6915"},"modified":"2025-07-22T15:23:08","modified_gmt":"2025-07-22T15:23:08","slug":"conseil-mobilier-luminaires-a-distance","status":"publish","type":"product","link":"https:\/\/www.tchintchindeco.fr\/?product=conseil-mobilier-luminaires-a-distance","title":{"rendered":"Conseil Mobilier &#038; Luminaires &#8211; \u00e0 distance"},"content":{"rendered":"<ul class=\"yL4mFA\">\n<li class=\"Xp24Nw _bsDhw cgHgbA nxe3IQ _4c44Ng PanoWQ\">\n<p class=\"L_cebA\"><span class=\"OYPEnA\">1 Planche de suggestions de<\/span><span class=\"OYPEnA\"><br \/>\n<\/span><span class=\"OYPEnA\">meubles et luminaires coh\u00e9rents<\/span><span class=\"OYPEnA\"><br \/>\n<\/span><span class=\"OYPEnA\">avec votre ambiance,<\/span><span class=\"OYPEnA\"><br \/>\n<\/span><span class=\"OYPEnA\">accompagn\u00e9es d\u2019images et de<\/span><span class=\"OYPEnA\"><br \/>\n<\/span><span class=\"OYPEnA\">liens de r\u00e9f\u00e9rence.<\/span><\/p>\n<\/li>\n<li class=\"Xp24Nw _bsDhw cgHgbA nxe3IQ _4c44Ng\">\n<p class=\"L_cebA\"><span class=\"OYPEnA\">moodboard s\u00e9lection de<\/span><span class=\"OYPEnA\"><br \/>\n<\/span><span class=\"OYPEnA\">mobilier &amp; luminaires &amp;<\/span><span class=\"OYPEnA\"><br \/>\n<\/span><span class=\"OYPEnA\">d\u00e9coration ect<\/span><\/p>\n<\/li>\n<\/ul>\n","protected":false},"excerpt":{"rendered":"<p>1 Planche de suggestions de meubles et luminaires coh\u00e9rents avec votre ambiance, accompagn\u00e9es d\u2019images et de liens de r\u00e9f\u00e9rence. moodboard s\u00e9lection de mobilier &amp; luminaires &amp; d\u00e9coration ect<\/p>\n","protected":false},"featured_media":6919,"comment_status":"closed","ping_status":"closed","template":"","meta":{"jetpack_post_was_ever_published":false,"jetpack_publicize_message":"","jetpack_publicize_feature_enabled":true,"jetpack_social_post_already_shared":true,"jetpack_social_options":{"image_generator_settings":{"template":"highway","enabled":false},"version":2}},"product_brand":[],"product_cat":[84],"product_tag":[],"class_list":{"0":"post-6915","1":"product","2":"type-product","3":"status-publish","4":"has-post-thumbnail","6":"product_cat-prestations","8":"first","9":"instock","10":"taxable","11":"shipping-taxable","12":"purchasable","13":"product-type-simple"},"jetpack_publicize_connections":[],"jetpack_sharing_enabled":true,"jetpack-related-posts":[],"_links":{"self":[{"href":"https:\/\/www.tchintchindeco.fr\/index.php?rest_route=\/wp\/v2\/product\/6915","targetHints":{"allow":["GET"]}}],"collection":[{"href":"https:\/\/www.tchintchindeco.fr\/index.php?rest_route=\/wp\/v2\/product"}],"about":[{"href":"https:\/\/www.tchintchindeco.fr\/index.php?rest_route=\/wp\/v2\/types\/product"}],"replies":[{"embeddable":true,"href":"https:\/\/www.tchintchindeco.fr\/index.php?rest_route=%2Fwp%2Fv2%2Fcomments&post=6915"}],"wp:featuredmedia":[{"embeddable":true,"href":"https:\/\/www.tchintchindeco.fr\/index.php?rest_route=\/wp\/v2\/media\/6919"}],"wp:attachment":[{"href":"https:\/\/www.tchintchindeco.fr\/index.php?rest_route=%2Fwp%2Fv2%2Fmedia&parent=6915"}],"wp:term":[{"taxonomy":"product_brand","embeddable":true,"href":"https:\/\/www.tchintchindeco.fr\/index.php?rest_route=%2Fwp%2Fv2%2Fproduct_brand&post=6915"},{"taxonomy":"product_cat","embeddable":true,"href":"https:\/\/www.tchintchindeco.fr\/index.php?rest_route=%2Fwp%2Fv2%2Fproduct_cat&post=6915"},{"taxonomy":"product_tag","embeddable":true,"href":"https:\/\/www.tchintchindeco.fr\/index.php?rest_route=%2Fwp%2Fv2%2Fproduct_tag&post=6915"}],"curies":[{"name":"wp","href":"https:\/\/api.w.org\/{rel}","templated":true}]}}