{"id":6921,"date":"2025-07-22T15:43:11","date_gmt":"2025-07-22T15:43:11","guid":{"rendered":"https:\/\/www.tchintchindeco.fr\/?post_type=product&#038;p=6921"},"modified":"2025-07-22T19:47:26","modified_gmt":"2025-07-22T19:47:26","slug":"pack-decoration-complete-a-distance","status":"publish","type":"product","link":"https:\/\/www.tchintchindeco.fr\/?product=pack-decoration-complete-a-distance","title":{"rendered":"Pack D\u00e9coration Compl\u00e8te \u00e0 distance"},"content":{"rendered":"<ul class=\"yL4mFA\">\n<li class=\"Xp24Nw _bsDhw cgHgbA nxe3IQ _4c44Ng PanoWQ\">\n<p class=\"L_cebA\"><span class=\"OYPEnA\">1 Grande Planche de proposition<\/span><span class=\"OYPEnA\"><br \/>\n<\/span><span class=\"OYPEnA\">compl\u00e8te pour un espace,tous<\/span><span class=\"OYPEnA\"><br \/>\n<\/span><span class=\"OYPEnA\">les \u00e9l\u00e9ments illustr\u00e9s avec des<\/span><span class=\"OYPEnA\"><br \/>\n<\/span><span class=\"OYPEnA\">liens cliquables :<\/span><\/p>\n<\/li>\n<li class=\"Xp24Nw _bsDhw cgHgbA nxe3IQ _4c44Ng\">\n<p class=\"L_cebA\"><span class=\"OYPEnA\">moodboard\u00a0<\/span><span class=\"OYPEnA\">planche<\/span><span class=\"OYPEnA\"><br \/>\n<\/span><span class=\"OYPEnA\">d\u2019ambiance, palette de<\/span><span class=\"OYPEnA\"><br \/>\n<\/span><span class=\"OYPEnA\">couleurs,s\u00e9lection de mobilier &amp;<\/span><span class=\"OYPEnA\"><br \/>\n<\/span><span class=\"OYPEnA\">luminaires<\/span><\/p>\n<\/li>\n<li class=\"Xp24Nw _bsDhw cgHgbA nxe3IQ _4c44Ng\">\n<p class=\"L_cebA\"><span class=\"OYPEnA\">un plan d\u2019am\u00e9nagement 3D en<\/span><span class=\"OYPEnA\"><br \/>\n<\/span><span class=\"OYPEnA\">vue dessus<\/span><\/p>\n<\/li>\n<\/ul>\n","protected":false},"excerpt":{"rendered":"<p>1 Grande Planche de proposition compl\u00e8te pour un espace,tous les \u00e9l\u00e9ments illustr\u00e9s avec des liens cliquables : moodboard\u00a0planche d\u2019ambiance, palette de couleurs,s\u00e9lection de mobilier &amp; luminaires un plan d\u2019am\u00e9nagement 3D en vue dessus<\/p>\n","protected":false},"featured_media":6922,"comment_status":"closed","ping_status":"closed","template":"","meta":{"jetpack_post_was_ever_published":false,"jetpack_publicize_message":"","jetpack_publicize_feature_enabled":true,"jetpack_social_post_already_shared":true,"jetpack_social_options":{"image_generator_settings":{"template":"highway","enabled":false},"version":2}},"product_brand":[],"product_cat":[84],"product_tag":[],"class_list":{"0":"post-6921","1":"product","2":"type-product","3":"status-publish","4":"has-post-thumbnail","6":"product_cat-prestations","8":"first","9":"instock","10":"taxable","11":"shipping-taxable","12":"purchasable","13":"product-type-simple"},"jetpack_publicize_connections":[],"jetpack_sharing_enabled":true,"jetpack-related-posts":[],"_links":{"self":[{"href":"https:\/\/www.tchintchindeco.fr\/index.php?rest_route=\/wp\/v2\/product\/6921","targetHints":{"allow":["GET"]}}],"collection":[{"href":"https:\/\/www.tchintchindeco.fr\/index.php?rest_route=\/wp\/v2\/product"}],"about":[{"href":"https:\/\/www.tchintchindeco.fr\/index.php?rest_route=\/wp\/v2\/types\/product"}],"replies":[{"embeddable":true,"href":"https:\/\/www.tchintchindeco.fr\/index.php?rest_route=%2Fwp%2Fv2%2Fcomments&post=6921"}],"wp:featuredmedia":[{"embeddable":true,"href":"https:\/\/www.tchintchindeco.fr\/index.php?rest_route=\/wp\/v2\/media\/6922"}],"wp:attachment":[{"href":"https:\/\/www.tchintchindeco.fr\/index.php?rest_route=%2Fwp%2Fv2%2Fmedia&parent=6921"}],"wp:term":[{"taxonomy":"product_brand","embeddable":true,"href":"https:\/\/www.tchintchindeco.fr\/index.php?rest_route=%2Fwp%2Fv2%2Fproduct_brand&post=6921"},{"taxonomy":"product_cat","embeddable":true,"href":"https:\/\/www.tchintchindeco.fr\/index.php?rest_route=%2Fwp%2Fv2%2Fproduct_cat&post=6921"},{"taxonomy":"product_tag","embeddable":true,"href":"https:\/\/www.tchintchindeco.fr\/index.php?rest_route=%2Fwp%2Fv2%2Fproduct_tag&post=6921"}],"curies":[{"name":"wp","href":"https:\/\/api.w.org\/{rel}","templated":true}]}}